{"id":70,"date":"2013-02-18T16:44:41","date_gmt":"2013-02-18T15:44:41","guid":{"rendered":"https:\/\/juanmartindegi.com\/sites-interessants\/"},"modified":"2019-04-19T13:20:09","modified_gmt":"2019-04-19T11:20:09","slug":"sites-interessants","status":"publish","type":"page","link":"https:\/\/juanmartindegi.com\/fr\/sites-interessants\/","title":{"rendered":"Sites Int\u00e9ressants"},"content":{"rendered":"\t\t<div data-elementor-type=\"wp-post\" data-elementor-id=\"70\" class=\"elementor elementor-70 elementor-44\" data-elementor-post-type=\"page\">\n\t\t\t\t\t\t<section class=\"elementor-section elementor-top-section elementor-element elementor-element-a0fec7f elementor-section-height-min-height elementor-section-boxed elementor-section-height-default elementor-section-items-middle\" data-id=\"a0fec7f\" data-element_type=\"section\" data-e-type=\"section\" data-settings=\"{&quot;background_background&quot;:&quot;classic&quot;}\">\n\t\t\t\t\t\t\t<div class=\"elementor-background-overlay\"><\/div>\n\t\t\t\t\t\t\t<div class=\"elementor-container elementor-column-gap-default\">\n\t\t\t\t\t<div class=\"elementor-column elementor-col-100 elementor-top-column elementor-element elementor-element-6086a85e\" data-id=\"6086a85e\" data-element_type=\"column\" data-e-type=\"column\">\n\t\t\t<div class=\"elementor-widget-wrap elementor-element-populated\">\n\t\t\t\t\t\t<div class=\"elementor-element elementor-element-3efe26dd elementor-widget elementor-widget-heading\" data-id=\"3efe26dd\" data-element_type=\"widget\" data-e-type=\"widget\" data-widget_type=\"heading.default\">\n\t\t\t\t<div class=\"elementor-widget-container\">\n\t\t\t\t\t<h2 class=\"elementor-heading-title elementor-size-default\">Lieux d'int\u00e9r\u00eat culturel<\/h2>\t\t\t\t<\/div>\n\t\t\t\t<\/div>\n\t\t\t\t\t<\/div>\n\t\t<\/div>\n\t\t\t\t\t<\/div>\n\t\t<\/section>\n\t\t\t\t<section class=\"elementor-section elementor-top-section elementor-element elementor-element-2b0434e0 elementor-section-boxed elementor-section-height-default elementor-section-height-default\" data-id=\"2b0434e0\" data-element_type=\"section\" data-e-type=\"section\">\n\t\t\t\t\t\t<div class=\"elementor-container elementor-column-gap-default\">\n\t\t\t\t\t<div class=\"elementor-column elementor-col-33 elementor-top-column elementor-element elementor-element-49cb7f3e\" data-id=\"49cb7f3e\" data-element_type=\"column\" data-e-type=\"column\">\n\t\t\t<div class=\"elementor-widget-wrap elementor-element-populated\">\n\t\t\t\t\t\t<div class=\"elementor-element elementor-element-520f16e2 elementor-position-top elementor-widget elementor-widget-image-box\" data-id=\"520f16e2\" data-element_type=\"widget\" data-e-type=\"widget\" data-widget_type=\"image-box.default\">\n\t\t\t\t<div class=\"elementor-widget-container\">\n\t\t\t\t\t<div class=\"elementor-image-box-wrapper\"><figure class=\"elementor-image-box-img\"><picture class=\"wp-picture-41\" style=\"display: contents;\"><source type=\"image\/webp\" srcset=\"https:\/\/juanmartindegi.com\/wp-content\/uploads\/2013\/02\/images_arditurri-png.webp 275w, https:\/\/juanmartindegi.com\/wp-content\/uploads\/2013\/02\/images_arditurri-150x150-png.webp 150w\" sizes=\"(max-width: 275px) 100vw, 275px\"><img fetchpriority=\"high\" decoding=\"async\" width=\"275\" height=\"274\" src=\"https:\/\/juanmartindegi.com\/wp-content\/uploads\/2013\/02\/images_arditurri.png\" class=\"attachment-full size-full wp-image-41\" alt=\"\" srcset=\"https:\/\/juanmartindegi.com\/wp-content\/uploads\/2013\/02\/images_arditurri.png 275w, https:\/\/juanmartindegi.com\/wp-content\/uploads\/2013\/02\/images_arditurri-150x150.png 150w\" sizes=\"(max-width: 275px) 100vw, 275px\" \/><\/picture><\/figure><div class=\"elementor-image-box-content\"><h3 class=\"elementor-image-box-title\">La Nature<\/h3><p class=\"elementor-image-box-description\">Parc naturel d'Aiako Harria (\u00e0 16 km de l'h\u00e9bergement rural), toute petite route est excellente pour se d\u00e9connecter et entrer dans la for\u00eat; Parc naturel de San Sebasti\u00e1n (une partie du parc naturel d'Artikutza situ\u00e9 \u00e0 environ 16 km de l'agrotourisme, il offre une vue magnifique sur toute la c\u00f4te avant d'entrer dans la for\u00eat de h\u00eatres et de ch\u00eanes gigantesques); Parc Naturel Pagoeta (38 km), Parc Naturel Aralar (65 km); Minas Arditurri, gal\u00e8ne, argent, plomb et fer (\u00e0 Pe\u00f1as de Aia, \u00e0 14 km), barrage d\u2019A\u00f1arbe (\u00e0 38 km, de l\u2019agrotourisme), il vaut la peine de faire la <a href=\"https:\/\/es.wikiloc.com\/rutas-a-pie\/vuelta-pantano-de-anarbe-5821903\"><u>chemin circulaire de 8 km<\/u><\/a><\/p><\/div><\/div>\t\t\t\t<\/div>\n\t\t\t\t<\/div>\n\t\t\t\t\t<\/div>\n\t\t<\/div>\n\t\t\t\t<div class=\"elementor-column elementor-col-33 elementor-top-column elementor-element elementor-element-76e8f574\" data-id=\"76e8f574\" data-element_type=\"column\" data-e-type=\"column\">\n\t\t\t<div class=\"elementor-widget-wrap elementor-element-populated\">\n\t\t\t\t\t\t<div class=\"elementor-element elementor-element-62445c2e elementor-position-top elementor-widget elementor-widget-image-box\" data-id=\"62445c2e\" data-element_type=\"widget\" data-e-type=\"widget\" data-widget_type=\"image-box.default\">\n\t\t\t\t<div class=\"elementor-widget-container\">\n\t\t\t\t\t<div class=\"elementor-image-box-wrapper\"><figure class=\"elementor-image-box-img\"><picture class=\"wp-picture-42\" style=\"display: contents;\"><source type=\"image\/webp\" srcset=\"https:\/\/juanmartindegi.com\/wp-content\/uploads\/2013\/02\/images_kursaal-png.webp 275w, https:\/\/juanmartindegi.com\/wp-content\/uploads\/2013\/02\/images_kursaal-150x150-png.webp 150w\" sizes=\"(max-width: 275px) 100vw, 275px\"><img decoding=\"async\" width=\"275\" height=\"274\" src=\"https:\/\/juanmartindegi.com\/wp-content\/uploads\/2013\/02\/images_kursaal.png\" class=\"attachment-full size-full wp-image-42\" alt=\"\" srcset=\"https:\/\/juanmartindegi.com\/wp-content\/uploads\/2013\/02\/images_kursaal.png 275w, https:\/\/juanmartindegi.com\/wp-content\/uploads\/2013\/02\/images_kursaal-150x150.png 150w\" sizes=\"(max-width: 275px) 100vw, 275px\" \/><\/picture><\/figure><div class=\"elementor-image-box-content\"><h3 class=\"elementor-image-box-title\">Visiter la ville<\/h3><p class=\"elementor-image-box-description\">Au cours des derni\u00e8res ann\u00e9es, Saint-S\u00e9bastien a consid\u00e9rablement am\u00e9lior\u00e9 sa qualit\u00e9 en mati\u00e8re de tourisme. Outre la gastronomie et la culture, il vaut la peine de se promener dans la ville et de visiter le Peigne des Vents, la promenade c\u00f4ti\u00e8re de Kursaal. Arr\u00eatez-vous dans un palais de congr\u00e8s, puis contemplez la vue sur Santa Klara depuis la prairie du palais Miramar et promenez-vous le long de la plage de La Concha ...<\/p><\/div><\/div>\t\t\t\t<\/div>\n\t\t\t\t<\/div>\n\t\t\t\t\t<\/div>\n\t\t<\/div>\n\t\t\t\t<div class=\"elementor-column elementor-col-33 elementor-top-column elementor-element elementor-element-5480acdb\" data-id=\"5480acdb\" data-element_type=\"column\" data-e-type=\"column\">\n\t\t\t<div class=\"elementor-widget-wrap elementor-element-populated\">\n\t\t\t\t\t\t<div class=\"elementor-element elementor-element-3fefbf35 elementor-position-top elementor-widget elementor-widget-image-box\" data-id=\"3fefbf35\" data-element_type=\"widget\" data-e-type=\"widget\" data-widget_type=\"image-box.default\">\n\t\t\t\t<div class=\"elementor-widget-container\">\n\t\t\t\t\t<div class=\"elementor-image-box-wrapper\"><figure class=\"elementor-image-box-img\"><picture class=\"wp-picture-43\" style=\"display: contents;\"><source type=\"image\/webp\" srcset=\"https:\/\/juanmartindegi.com\/wp-content\/uploads\/2013\/02\/images_gugen-png.webp 275w, https:\/\/juanmartindegi.com\/wp-content\/uploads\/2013\/02\/images_gugen-150x150-png.webp 150w\" sizes=\"(max-width: 275px) 100vw, 275px\"><img decoding=\"async\" width=\"275\" height=\"274\" src=\"https:\/\/juanmartindegi.com\/wp-content\/uploads\/2013\/02\/images_gugen.png\" class=\"attachment-full size-full wp-image-43\" alt=\"\" srcset=\"https:\/\/juanmartindegi.com\/wp-content\/uploads\/2013\/02\/images_gugen.png 275w, https:\/\/juanmartindegi.com\/wp-content\/uploads\/2013\/02\/images_gugen-150x150.png 150w\" sizes=\"(max-width: 275px) 100vw, 275px\" \/><\/picture><\/figure><div class=\"elementor-image-box-content\"><h3 class=\"elementor-image-box-title\">D\u00e9couvrez d'autres villes<\/h3><p class=\"elementor-image-box-description\">\u00c0 une heure de l'h\u00e9bergement rural, vous pourrez visiter Bilbao, une ville autrefois industrielle et compl\u00e8tement diff\u00e9rente de ce qu'elle \u00e9tait il y a quelques ann\u00e9es, ainsi que ce qui rend cette ville diff\u00e9rente depuis, le c\u00e9l\u00e8bre mus\u00e9e Guggenheim.\n\u00c0 Hernani, nous pouvons visiter la c\u00e9l\u00e8bre Txillida Museoa.\nHondarribia, Irun, Oiartzun, Errenteria, Pasajes San Juan, villes de charme, dont les rues anciennes t\u00e9moignent de beaucoup d'histoire sur la dure vie d'antan<\/p><\/div><\/div>\t\t\t\t<\/div>\n\t\t\t\t<\/div>\n\t\t\t\t\t<\/div>\n\t\t<\/div>\n\t\t\t\t\t<\/div>\n\t\t<\/section>\n\t\t\t\t<section class=\"elementor-section elementor-top-section elementor-element elementor-element-5ba3bdee elementor-section-boxed elementor-section-height-default elementor-section-height-default\" data-id=\"5ba3bdee\" data-element_type=\"section\" data-e-type=\"section\">\n\t\t\t\t\t\t<div class=\"elementor-container elementor-column-gap-default\">\n\t\t\t\t\t<div class=\"elementor-column elementor-col-100 elementor-top-column elementor-element elementor-element-3eeb503e\" data-id=\"3eeb503e\" data-element_type=\"column\" data-e-type=\"column\">\n\t\t\t<div class=\"elementor-widget-wrap elementor-element-populated\">\n\t\t\t\t\t\t<div class=\"elementor-element elementor-element-4e1e2ab9 elementor-position-top elementor-widget elementor-widget-image-box\" data-id=\"4e1e2ab9\" data-element_type=\"widget\" data-e-type=\"widget\" data-widget_type=\"image-box.default\">\n\t\t\t\t<div class=\"elementor-widget-container\">\n\t\t\t\t\t<div class=\"elementor-image-box-wrapper\"><figure class=\"elementor-image-box-img\"><picture class=\"wp-picture-47\" style=\"display: contents;\"><source type=\"image\/webp\" srcset=\"https:\/\/juanmartindegi.com\/wp-content\/uploads\/2013\/02\/images_sanfermines-png.webp 303w, https:\/\/juanmartindegi.com\/wp-content\/uploads\/2013\/02\/images_sanfermines-300x300-png.webp 300w, https:\/\/juanmartindegi.com\/wp-content\/uploads\/2013\/02\/images_sanfermines-150x150-png.webp 150w\" sizes=\"(max-width: 303px) 100vw, 303px\"><img loading=\"lazy\" decoding=\"async\" width=\"303\" height=\"302\" src=\"https:\/\/juanmartindegi.com\/wp-content\/uploads\/2013\/02\/images_sanfermines.png\" class=\"attachment-full size-full wp-image-47\" alt=\"\" srcset=\"https:\/\/juanmartindegi.com\/wp-content\/uploads\/2013\/02\/images_sanfermines.png 303w, https:\/\/juanmartindegi.com\/wp-content\/uploads\/2013\/02\/images_sanfermines-300x300.png 300w, https:\/\/juanmartindegi.com\/wp-content\/uploads\/2013\/02\/images_sanfermines-150x150.png 150w\" sizes=\"(max-width: 303px) 100vw, 303px\" \/><\/picture><\/figure><div class=\"elementor-image-box-content\"><h3 class=\"elementor-image-box-title\">F\u00eates Majerues<\/h3><p class=\"elementor-image-box-description\">Comme d'habitude sur tout le territoire, nous avons \u00e9galement quelques dates cl\u00e9s pour visiter les diff\u00e9rentes villes et villages entourant l'h\u00e9bergement touristique Juan Martindegi.\nLe Festival du film de Saint-S\u00e9bastien (mi-septembre, un grand \u00e9v\u00e9nement cin\u00e9matographique international pendant une semaine.\nFestival de jazz (en juillet, plusieurs sc\u00e8nes, dont deux sur la plage de Zurriola et le Kursaal).\nAste Nagusia Donostia (f\u00eates de la semaine de Saint-S\u00e9bastien, \u00e0 partir de la deuxi\u00e8me semaine d'ao\u00fbt).\nTamborrada, f\u00eate du saint patron de la ville (c\u00e9l\u00e9br\u00e9e le 20 janvier, c\u00e9l\u00e9brant l'entr\u00e9e de soldats fran\u00e7ais dans la ville au XIXe si\u00e8cle).\nSan Fermines (premi\u00e8re semaine de juillet jusqu'au 7 juillet).\nFestival de blues (en juillet)\nSanto Tom\u00e1s (21 d\u00e9cembre, on c\u00e9l\u00e8bre un march\u00e9 d'un jour, o\u00f9 les protagonistes incontest\u00e9s sont le Txistorra et le Cidre)<\/p><\/div><\/div>\t\t\t\t<\/div>\n\t\t\t\t<\/div>\n\t\t\t\t\t<\/div>\n\t\t<\/div>\n\t\t\t\t\t<\/div>\n\t\t<\/section>\n\t\t\t\t<\/div>\n\t\t","protected":false},"excerpt":{"rendered":"<p>Lieux d&rsquo;int\u00e9r\u00eat culturel La Nature Parc naturel d&rsquo;Aiako Harria (\u00e0 16 km de l&rsquo;h\u00e9bergement rural), toute petite route est excellente pour se d\u00e9connecter et entrer dans la for\u00eat; Parc naturel de San Sebasti\u00e1n (une partie du parc naturel d&rsquo;Artikutza situ\u00e9 \u00e0 environ 16 km de l&rsquo;agrotourisme, il offre une vue magnifique sur toute la c\u00f4te &#8230; <a title=\"Sites Int\u00e9ressants\" class=\"read-more\" href=\"https:\/\/juanmartindegi.com\/fr\/sites-interessants\/\" aria-label=\"En savoir plus sur Sites Int\u00e9ressants\">Lire la suite<\/a><\/p>\n","protected":false},"author":2,"featured_media":41,"parent":0,"menu_order":1,"comment_status":"closed","ping_status":"closed","template":"","meta":{"footnotes":""},"class_list":["post-70","page","type-page","status-publish","has-post-thumbnail"],"aioseo_notices":[],"_links":{"self":[{"href":"https:\/\/juanmartindegi.com\/fr\/wp-json\/wp\/v2\/pages\/70","targetHints":{"allow":["GET"]}}],"collection":[{"href":"https:\/\/juanmartindegi.com\/fr\/wp-json\/wp\/v2\/pages"}],"about":[{"href":"https:\/\/juanmartindegi.com\/fr\/wp-json\/wp\/v2\/types\/page"}],"author":[{"embeddable":true,"href":"https:\/\/juanmartindegi.com\/fr\/wp-json\/wp\/v2\/users\/2"}],"replies":[{"embeddable":true,"href":"https:\/\/juanmartindegi.com\/fr\/wp-json\/wp\/v2\/comments?post=70"}],"version-history":[{"count":3,"href":"https:\/\/juanmartindegi.com\/fr\/wp-json\/wp\/v2\/pages\/70\/revisions"}],"predecessor-version":[{"id":542,"href":"https:\/\/juanmartindegi.com\/fr\/wp-json\/wp\/v2\/pages\/70\/revisions\/542"}],"wp:featuredmedia":[{"embeddable":true,"href":"https:\/\/juanmartindegi.com\/fr\/wp-json\/wp\/v2\/media\/41"}],"wp:attachment":[{"href":"https:\/\/juanmartindegi.com\/fr\/wp-json\/wp\/v2\/media?parent=70"}],"curies":[{"name":"wp","href":"https:\/\/api.w.org\/{rel}","templated":true}]}}