{"id":67,"date":"2013-02-18T11:05:23","date_gmt":"2013-02-18T10:05:23","guid":{"rendered":"https:\/\/juanmartindegi.com\/installations\/"},"modified":"2019-04-19T11:56:00","modified_gmt":"2019-04-19T09:56:00","slug":"installations","status":"publish","type":"page","link":"https:\/\/juanmartindegi.com\/fr\/installations\/","title":{"rendered":"\u00c9quipement"},"content":{"rendered":"\t\t<div data-elementor-type=\"wp-post\" data-elementor-id=\"67\" class=\"elementor elementor-67 elementor-17\" data-elementor-post-type=\"page\">\n\t\t\t\t\t\t<section class=\"elementor-section elementor-top-section elementor-element elementor-element-70873a8a elementor-section-height-min-height elementor-section-content-middle elementor-section-boxed elementor-section-height-default elementor-section-items-middle\" data-id=\"70873a8a\" data-element_type=\"section\" data-e-type=\"section\" data-settings=\"{&quot;background_background&quot;:&quot;classic&quot;}\">\n\t\t\t\t\t\t\t<div class=\"elementor-background-overlay\"><\/div>\n\t\t\t\t\t\t\t<div class=\"elementor-container elementor-column-gap-default\">\n\t\t\t\t\t<div class=\"elementor-column elementor-col-100 elementor-top-column elementor-element elementor-element-103f5f62\" data-id=\"103f5f62\" data-element_type=\"column\" data-e-type=\"column\">\n\t\t\t<div class=\"elementor-widget-wrap elementor-element-populated\">\n\t\t\t\t\t\t<div class=\"elementor-element elementor-element-1c7240d4 elementor-widget elementor-widget-heading\" data-id=\"1c7240d4\" data-element_type=\"widget\" data-e-type=\"widget\" data-widget_type=\"heading.default\">\n\t\t\t\t<div class=\"elementor-widget-container\">\n\t\t\t\t\t<h2 class=\"elementor-heading-title elementor-size-default\">\u00c9quipement<\/h2>\t\t\t\t<\/div>\n\t\t\t\t<\/div>\n\t\t\t\t\t<\/div>\n\t\t<\/div>\n\t\t\t\t\t<\/div>\n\t\t<\/section>\n\t\t\t\t<section class=\"elementor-section elementor-top-section elementor-element elementor-element-3b64cef4 elementor-section-content-top elementor-section-boxed elementor-section-height-default elementor-section-height-default\" data-id=\"3b64cef4\" data-element_type=\"section\" data-e-type=\"section\" data-settings=\"{&quot;background_background&quot;:&quot;classic&quot;}\">\n\t\t\t\t\t\t\t<div class=\"elementor-background-overlay\"><\/div>\n\t\t\t\t\t\t\t<div class=\"elementor-container elementor-column-gap-default\">\n\t\t\t\t\t<div class=\"elementor-column elementor-col-33 elementor-top-column elementor-element elementor-element-42173a21\" data-id=\"42173a21\" data-element_type=\"column\" data-e-type=\"column\">\n\t\t\t<div class=\"elementor-widget-wrap elementor-element-populated\">\n\t\t\t\t\t\t<div class=\"elementor-element elementor-element-5abd877f elementor-position-top elementor-widget elementor-widget-image-box\" data-id=\"5abd877f\" data-element_type=\"widget\" data-e-type=\"widget\" data-widget_type=\"image-box.default\">\n\t\t\t\t<div class=\"elementor-widget-container\">\n\t\t\t\t\t<div class=\"elementor-image-box-wrapper\"><figure class=\"elementor-image-box-img\"><picture class=\"wp-picture-8\" style=\"display: contents;\"><source type=\"image\/webp\" srcset=\"https:\/\/juanmartindegi.com\/wp-content\/uploads\/2013\/02\/images_instalaciones_barbacoa-jpg.webp\"><img decoding=\"async\" width=\"280\" height=\"175\" src=\"https:\/\/juanmartindegi.com\/wp-content\/uploads\/2013\/02\/images_instalaciones_barbacoa.jpg\" class=\"attachment-large size-large wp-image-8\" alt=\"\" \/><\/picture><\/figure><div class=\"elementor-image-box-content\"><h3 class=\"elementor-image-box-title\">Barbecue<\/h3><p class=\"elementor-image-box-description\">Barbecue dans le jardin avec des tables \n<\/p><\/div><\/div>\t\t\t\t<\/div>\n\t\t\t\t<\/div>\n\t\t\t\t\t<\/div>\n\t\t<\/div>\n\t\t\t\t<div class=\"elementor-column elementor-col-33 elementor-top-column elementor-element elementor-element-443b0624\" data-id=\"443b0624\" data-element_type=\"column\" data-e-type=\"column\">\n\t\t\t<div class=\"elementor-widget-wrap elementor-element-populated\">\n\t\t\t\t\t\t<div class=\"elementor-element elementor-element-6435caf3 elementor-position-top elementor-widget elementor-widget-image-box\" data-id=\"6435caf3\" data-element_type=\"widget\" data-e-type=\"widget\" data-widget_type=\"image-box.default\">\n\t\t\t\t<div class=\"elementor-widget-container\">\n\t\t\t\t\t<div class=\"elementor-image-box-wrapper\"><figure class=\"elementor-image-box-img\"><picture class=\"wp-picture-9\" style=\"display: contents;\"><source type=\"image\/webp\" srcset=\"https:\/\/juanmartindegi.com\/wp-content\/uploads\/2013\/02\/images_instalaciones_zona-verde-e1553878140758-jpg.webp\"><img decoding=\"async\" width=\"264\" height=\"174\" src=\"https:\/\/juanmartindegi.com\/wp-content\/uploads\/2013\/02\/images_instalaciones_zona-verde-e1553878140758.jpg\" class=\"attachment-large size-large wp-image-9\" alt=\"\" \/><\/picture><\/figure><div class=\"elementor-image-box-content\"><h3 class=\"elementor-image-box-title\">Zone-Verte<\/h3><p class=\"elementor-image-box-description\">Espace de loisirs et zone verte<\/p><\/div><\/div>\t\t\t\t<\/div>\n\t\t\t\t<\/div>\n\t\t\t\t\t<\/div>\n\t\t<\/div>\n\t\t\t\t<div class=\"elementor-column elementor-col-33 elementor-top-column elementor-element elementor-element-2bd201b1\" data-id=\"2bd201b1\" data-element_type=\"column\" data-e-type=\"column\">\n\t\t\t<div class=\"elementor-widget-wrap elementor-element-populated\">\n\t\t\t\t\t\t<div class=\"elementor-element elementor-element-2dd9b039 elementor-position-top elementor-widget elementor-widget-image-box\" data-id=\"2dd9b039\" data-element_type=\"widget\" data-e-type=\"widget\" data-widget_type=\"image-box.default\">\n\t\t\t\t<div class=\"elementor-widget-container\">\n\t\t\t\t\t<div class=\"elementor-image-box-wrapper\"><figure class=\"elementor-image-box-img\"><picture class=\"wp-picture-10\" style=\"display: contents;\"><source type=\"image\/webp\" srcset=\"https:\/\/juanmartindegi.com\/wp-content\/uploads\/2013\/02\/images_instalaciones_chimenea-jpg.webp\"><img decoding=\"async\" width=\"280\" height=\"175\" src=\"https:\/\/juanmartindegi.com\/wp-content\/uploads\/2013\/02\/images_instalaciones_chimenea.jpg\" class=\"attachment-large size-large wp-image-10\" alt=\"\" \/><\/picture><\/figure><div class=\"elementor-image-box-content\"><h3 class=\"elementor-image-box-title\">Chemin\u00e9e<\/h3><p class=\"elementor-image-box-description\">Chemin\u00e9e centrale de la maison\n<\/p><\/div><\/div>\t\t\t\t<\/div>\n\t\t\t\t<\/div>\n\t\t\t\t\t<\/div>\n\t\t<\/div>\n\t\t\t\t\t<\/div>\n\t\t<\/section>\n\t\t\t\t<section class=\"elementor-section elementor-top-section elementor-element elementor-element-10fa36aa elementor-section-boxed elementor-section-height-default elementor-section-height-default\" data-id=\"10fa36aa\" data-element_type=\"section\" data-e-type=\"section\">\n\t\t\t\t\t\t<div class=\"elementor-container elementor-column-gap-default\">\n\t\t\t\t\t<div class=\"elementor-column elementor-col-33 elementor-top-column elementor-element elementor-element-79bf1cee\" data-id=\"79bf1cee\" data-element_type=\"column\" data-e-type=\"column\">\n\t\t\t<div class=\"elementor-widget-wrap elementor-element-populated\">\n\t\t\t\t\t\t<div class=\"elementor-element elementor-element-42925646 elementor-position-top elementor-widget elementor-widget-image-box\" data-id=\"42925646\" data-element_type=\"widget\" data-e-type=\"widget\" data-widget_type=\"image-box.default\">\n\t\t\t\t<div class=\"elementor-widget-container\">\n\t\t\t\t\t<div class=\"elementor-image-box-wrapper\"><figure class=\"elementor-image-box-img\"><img loading=\"lazy\" decoding=\"async\" width=\"280\" height=\"175\" src=\"https:\/\/juanmartindegi.com\/wp-content\/uploads\/2013\/02\/images_instalaciones_aparcamiento.gif\" class=\"attachment-large size-large wp-image-11\" alt=\"\" \/><\/figure><div class=\"elementor-image-box-content\"><h3 class=\"elementor-image-box-title\">Parking Priv\u00e9<\/h3><p class=\"elementor-image-box-description\">Stationnement gratuit et priv\u00e9, pour les v\u00e9hicules de nos clients<\/p><\/div><\/div>\t\t\t\t<\/div>\n\t\t\t\t<\/div>\n\t\t\t\t\t<\/div>\n\t\t<\/div>\n\t\t\t\t<div class=\"elementor-column elementor-col-33 elementor-top-column elementor-element elementor-element-327da63a\" data-id=\"327da63a\" data-element_type=\"column\" data-e-type=\"column\">\n\t\t\t<div class=\"elementor-widget-wrap elementor-element-populated\">\n\t\t\t\t\t\t<div class=\"elementor-element elementor-element-39f6f31f elementor-position-top elementor-widget elementor-widget-image-box\" data-id=\"39f6f31f\" data-element_type=\"widget\" data-e-type=\"widget\" data-widget_type=\"image-box.default\">\n\t\t\t\t<div class=\"elementor-widget-container\">\n\t\t\t\t\t<div class=\"elementor-image-box-wrapper\"><figure class=\"elementor-image-box-img\"><picture class=\"wp-picture-12\" style=\"display: contents;\"><source type=\"image\/webp\" srcset=\"https:\/\/juanmartindegi.com\/wp-content\/uploads\/2013\/02\/images_instalaciones_juegos-de-mesa-jpg.webp\"><img loading=\"lazy\" decoding=\"async\" width=\"280\" height=\"175\" src=\"https:\/\/juanmartindegi.com\/wp-content\/uploads\/2013\/02\/images_instalaciones_juegos-de-mesa.jpg\" class=\"attachment-large size-large wp-image-12\" alt=\"\" \/><\/picture><\/figure><div class=\"elementor-image-box-content\"><h3 class=\"elementor-image-box-title\">Jeux de Soci\u00e9t\u00e9<\/h3><p class=\"elementor-image-box-description\">Grand choix de jeux de soci\u00e9t\u00e9<\/p><\/div><\/div>\t\t\t\t<\/div>\n\t\t\t\t<\/div>\n\t\t\t\t\t<\/div>\n\t\t<\/div>\n\t\t\t\t<div class=\"elementor-column elementor-col-33 elementor-top-column elementor-element elementor-element-56758573\" data-id=\"56758573\" data-element_type=\"column\" data-e-type=\"column\">\n\t\t\t<div class=\"elementor-widget-wrap elementor-element-populated\">\n\t\t\t\t\t\t<div class=\"elementor-element elementor-element-39e47b6e elementor-position-top elementor-widget elementor-widget-image-box\" data-id=\"39e47b6e\" data-element_type=\"widget\" data-e-type=\"widget\" data-widget_type=\"image-box.default\">\n\t\t\t\t<div class=\"elementor-widget-container\">\n\t\t\t\t\t<div class=\"elementor-image-box-wrapper\"><figure class=\"elementor-image-box-img\"><picture class=\"wp-picture-13\" style=\"display: contents;\"><source type=\"image\/webp\" srcset=\"https:\/\/juanmartindegi.com\/wp-content\/uploads\/2013\/02\/images_instalaciones_cocina-jpg.webp\"><img loading=\"lazy\" decoding=\"async\" width=\"280\" height=\"175\" src=\"https:\/\/juanmartindegi.com\/wp-content\/uploads\/2013\/02\/images_instalaciones_cocina.jpg\" class=\"attachment-large size-large wp-image-13\" alt=\"\" \/><\/picture><\/figure><div class=\"elementor-image-box-content\"><h3 class=\"elementor-image-box-title\">Cuisine<\/h3><p class=\"elementor-image-box-description\">Cuisine r\u00e9serv\u00e9e exclusivement \u00e0 l\u2019usage des clients<\/p><\/div><\/div>\t\t\t\t<\/div>\n\t\t\t\t<\/div>\n\t\t\t\t\t<\/div>\n\t\t<\/div>\n\t\t\t\t\t<\/div>\n\t\t<\/section>\n\t\t\t\t<section class=\"elementor-section elementor-top-section elementor-element elementor-element-363b9403 elementor-section-boxed elementor-section-height-default elementor-section-height-default\" data-id=\"363b9403\" data-element_type=\"section\" data-e-type=\"section\">\n\t\t\t\t\t\t<div class=\"elementor-container elementor-column-gap-default\">\n\t\t\t\t\t<div class=\"elementor-column elementor-col-33 elementor-top-column elementor-element elementor-element-1d2eb34a\" data-id=\"1d2eb34a\" data-element_type=\"column\" data-e-type=\"column\">\n\t\t\t<div class=\"elementor-widget-wrap elementor-element-populated\">\n\t\t\t\t\t\t<div class=\"elementor-element elementor-element-d44c99 elementor-position-top elementor-widget elementor-widget-image-box\" data-id=\"d44c99\" data-element_type=\"widget\" data-e-type=\"widget\" data-widget_type=\"image-box.default\">\n\t\t\t\t<div class=\"elementor-widget-container\">\n\t\t\t\t\t<div class=\"elementor-image-box-wrapper\"><figure class=\"elementor-image-box-img\"><picture class=\"wp-picture-14\" style=\"display: contents;\"><source type=\"image\/webp\" srcset=\"https:\/\/juanmartindegi.com\/wp-content\/uploads\/2013\/02\/images_instalaciones_calefaccion-jpg.webp\"><img loading=\"lazy\" decoding=\"async\" width=\"280\" height=\"175\" src=\"https:\/\/juanmartindegi.com\/wp-content\/uploads\/2013\/02\/images_instalaciones_calefaccion.jpg\" class=\"attachment-large size-large wp-image-14\" alt=\"\" \/><\/picture><\/figure><div class=\"elementor-image-box-content\"><h3 class=\"elementor-image-box-title\">Chauffage<\/h3><p class=\"elementor-image-box-description\">Chauffage \u00c9cologique dans la maison et dans les chambres<\/p><\/div><\/div>\t\t\t\t<\/div>\n\t\t\t\t<\/div>\n\t\t\t\t\t<\/div>\n\t\t<\/div>\n\t\t\t\t<div class=\"elementor-column elementor-col-33 elementor-top-column elementor-element elementor-element-390fc2c4\" data-id=\"390fc2c4\" data-element_type=\"column\" data-e-type=\"column\">\n\t\t\t<div class=\"elementor-widget-wrap elementor-element-populated\">\n\t\t\t\t\t\t<div class=\"elementor-element elementor-element-4ce7c4ec elementor-position-top elementor-widget elementor-widget-image-box\" data-id=\"4ce7c4ec\" data-element_type=\"widget\" data-e-type=\"widget\" data-widget_type=\"image-box.default\">\n\t\t\t\t<div class=\"elementor-widget-container\">\n\t\t\t\t\t<div class=\"elementor-image-box-wrapper\"><figure class=\"elementor-image-box-img\"><img loading=\"lazy\" decoding=\"async\" width=\"280\" height=\"175\" src=\"https:\/\/juanmartindegi.com\/wp-content\/uploads\/2013\/02\/images_instalaciones_wifi.gif\" class=\"attachment-large size-large wp-image-15\" alt=\"\" \/><\/figure><div class=\"elementor-image-box-content\"><h3 class=\"elementor-image-box-title\">Wi-Fi<\/h3><p class=\"elementor-image-box-description\">Connexion Internet Wifi dans toute la maison et dans les chambres<\/p><\/div><\/div>\t\t\t\t<\/div>\n\t\t\t\t<\/div>\n\t\t\t\t\t<\/div>\n\t\t<\/div>\n\t\t\t\t<div class=\"elementor-column elementor-col-33 elementor-top-column elementor-element elementor-element-3cc068ec\" data-id=\"3cc068ec\" data-element_type=\"column\" data-e-type=\"column\">\n\t\t\t<div class=\"elementor-widget-wrap elementor-element-populated\">\n\t\t\t\t\t\t<div class=\"elementor-element elementor-element-7f574091 elementor-position-top elementor-widget elementor-widget-image-box\" data-id=\"7f574091\" data-element_type=\"widget\" data-e-type=\"widget\" data-widget_type=\"image-box.default\">\n\t\t\t\t<div class=\"elementor-widget-container\">\n\t\t\t\t\t<div class=\"elementor-image-box-wrapper\"><figure class=\"elementor-image-box-img\"><picture class=\"wp-picture-16\" style=\"display: contents;\"><source type=\"image\/webp\" srcset=\"https:\/\/juanmartindegi.com\/wp-content\/uploads\/2013\/02\/images_instalaciones_television-jpg.webp\"><img loading=\"lazy\" decoding=\"async\" width=\"280\" height=\"175\" src=\"https:\/\/juanmartindegi.com\/wp-content\/uploads\/2013\/02\/images_instalaciones_television.jpg\" class=\"attachment-large size-large wp-image-16\" alt=\"\" \/><\/picture><\/figure><div class=\"elementor-image-box-content\"><h3 class=\"elementor-image-box-title\">T\u00e9l\u00e9vision<\/h3><p class=\"elementor-image-box-description\">Le salon et les chambres de la maison sont \u00e9quip\u00e9s de Smart-TV <\/p><\/div><\/div>\t\t\t\t<\/div>\n\t\t\t\t<\/div>\n\t\t\t\t\t<\/div>\n\t\t<\/div>\n\t\t\t\t\t<\/div>\n\t\t<\/section>\n\t\t\t\t<\/div>\n\t\t","protected":false},"excerpt":{"rendered":"<p>\u00c9quipement Barbecue Barbecue dans le jardin avec des tables Zone-Verte Espace de loisirs et zone verte Chemin\u00e9e Chemin\u00e9e centrale de la maison Parking Priv\u00e9 Stationnement gratuit et priv\u00e9, pour les v\u00e9hicules de nos clients Jeux de Soci\u00e9t\u00e9 Grand choix de jeux de soci\u00e9t\u00e9 Cuisine Cuisine r\u00e9serv\u00e9e exclusivement \u00e0 l\u2019usage des clients Chauffage Chauffage \u00c9cologique dans &#8230; <a title=\"\u00c9quipement\" class=\"read-more\" href=\"https:\/\/juanmartindegi.com\/fr\/installations\/\" aria-label=\"En savoir plus sur \u00c9quipement\">Lire la suite<\/a><\/p>\n","protected":false},"author":2,"featured_media":8,"parent":0,"menu_order":4,"comment_status":"closed","ping_status":"closed","template":"","meta":{"footnotes":""},"class_list":["post-67","page","type-page","status-publish","has-post-thumbnail"],"aioseo_notices":[],"_links":{"self":[{"href":"https:\/\/juanmartindegi.com\/fr\/wp-json\/wp\/v2\/pages\/67","targetHints":{"allow":["GET"]}}],"collection":[{"href":"https:\/\/juanmartindegi.com\/fr\/wp-json\/wp\/v2\/pages"}],"about":[{"href":"https:\/\/juanmartindegi.com\/fr\/wp-json\/wp\/v2\/types\/page"}],"author":[{"embeddable":true,"href":"https:\/\/juanmartindegi.com\/fr\/wp-json\/wp\/v2\/users\/2"}],"replies":[{"embeddable":true,"href":"https:\/\/juanmartindegi.com\/fr\/wp-json\/wp\/v2\/comments?post=67"}],"version-history":[{"count":4,"href":"https:\/\/juanmartindegi.com\/fr\/wp-json\/wp\/v2\/pages\/67\/revisions"}],"predecessor-version":[{"id":527,"href":"https:\/\/juanmartindegi.com\/fr\/wp-json\/wp\/v2\/pages\/67\/revisions\/527"}],"wp:featuredmedia":[{"embeddable":true,"href":"https:\/\/juanmartindegi.com\/fr\/wp-json\/wp\/v2\/media\/8"}],"wp:attachment":[{"href":"https:\/\/juanmartindegi.com\/fr\/wp-json\/wp\/v2\/media?parent=67"}],"curies":[{"name":"wp","href":"https:\/\/api.w.org\/{rel}","templated":true}]}}