{"id":66,"date":"2013-02-18T09:20:50","date_gmt":"2013-02-18T08:20:50","guid":{"rendered":"https:\/\/juanmartindegi.com\/qui-sommes-noues\/"},"modified":"2019-04-19T12:17:39","modified_gmt":"2019-04-19T10:17:39","slug":"qui-sommes-noues","status":"publish","type":"page","link":"https:\/\/juanmartindegi.com\/fr\/qui-sommes-noues\/","title":{"rendered":"Qui Sommes-Nous"},"content":{"rendered":"\t\t<div data-elementor-type=\"wp-post\" data-elementor-id=\"66\" class=\"elementor elementor-66 elementor-7\" data-elementor-post-type=\"page\">\n\t\t\t\t\t\t<section class=\"elementor-section elementor-top-section elementor-element elementor-element-59f32282 elementor-section-height-min-height elementor-section-boxed elementor-section-height-default elementor-section-items-middle\" data-id=\"59f32282\" data-element_type=\"section\" data-e-type=\"section\" data-settings=\"{&quot;background_background&quot;:&quot;classic&quot;}\">\n\t\t\t\t\t\t<div class=\"elementor-container elementor-column-gap-default\">\n\t\t\t\t\t<div class=\"elementor-column elementor-col-100 elementor-top-column elementor-element elementor-element-183e4bb4\" data-id=\"183e4bb4\" data-element_type=\"column\" data-e-type=\"column\">\n\t\t\t<div class=\"elementor-widget-wrap\">\n\t\t\t\t\t\t\t<\/div>\n\t\t<\/div>\n\t\t\t\t\t<\/div>\n\t\t<\/section>\n\t\t\t\t<section class=\"elementor-section elementor-top-section elementor-element elementor-element-2bc499bf elementor-section-boxed elementor-section-height-default elementor-section-height-default\" data-id=\"2bc499bf\" data-element_type=\"section\" data-e-type=\"section\">\n\t\t\t\t\t\t<div class=\"elementor-container elementor-column-gap-default\">\n\t\t\t\t\t<div class=\"elementor-column elementor-col-100 elementor-top-column elementor-element elementor-element-1f7ccfdb\" data-id=\"1f7ccfdb\" data-element_type=\"column\" data-e-type=\"column\">\n\t\t\t<div class=\"elementor-widget-wrap elementor-element-populated\">\n\t\t\t\t\t\t<div class=\"elementor-element elementor-element-1daa619f elementor-widget elementor-widget-text-editor\" data-id=\"1daa619f\" data-element_type=\"widget\" data-e-type=\"widget\" data-widget_type=\"text-editor.default\">\n\t\t\t\t<div class=\"elementor-widget-container\">\n\t\t\t\t\t\t\t\t\t<h1>Bienvenue \u00e0 l&rsquo;Agrotourisme Juan Martindegi:<\/h1><p>Juan Martindegi est un logement rural et bien plus. jadis, la ferme et son vaste terrain \u00e9taient consacr\u00e9s \u00e0 l\u2019\u00e9levage et \u00e0 l\u2019agriculture; dans ses prairies, des moutons et des vaches ont \u00e9t\u00e9 \u00e9lev\u00e9s et on y cultive aujourd&rsquo;hui de la laitue, des tomates, des poireaux, des poivrons, des bettes, des cardes, des choux, des pommes de terre et de nombreux autres l\u00e9gumes. Ils ont \u00e9t\u00e9 vendus localement sur les march\u00e9s locaux. Nous avons diversifi\u00e9 nos activit\u00e9s et ouvert un h\u00e9bergement modeste pour le tourisme rural. Actuellement, nous avons abandonn\u00e9 l&rsquo;\u00e9levage extensif et nous n&rsquo;avons que des animaux qui gardent nos prairies propres.<\/p><p>Je vous souhaite la bienvenue dans ma maison, un lieu de paix o\u00f9 vous pourrez d\u00e9connecter et vous d\u00e9tendre dans un environnement naturel, nich\u00e9 entre les montagnes de Jaizkibel et Pe\u00f1as de Aia et \u00e0 quelques kilom\u00e8tres de la c\u00f4te.<\/p><p>Un endroit merveilleux entre Fuenterrabia et San Sebasti\u00e1n.<\/p>\t\t\t\t\t\t\t\t<\/div>\n\t\t\t\t<\/div>\n\t\t\t\t<div class=\"elementor-element elementor-element-36f03494 elementor-widget elementor-widget-image\" data-id=\"36f03494\" data-element_type=\"widget\" data-e-type=\"widget\" data-widget_type=\"image.default\">\n\t\t\t\t<div class=\"elementor-widget-container\">\n\t\t\t\t\t\t\t\t\t\t\t\t\t\t\t<img fetchpriority=\"high\" decoding=\"async\" width=\"915\" height=\"220\" src=\"https:\/\/juanmartindegi.com\/wp-content\/uploads\/2013\/02\/images_quienes.png\" class=\"attachment-large size-large wp-image-1862\" alt=\"\" srcset=\"https:\/\/juanmartindegi.com\/wp-content\/uploads\/2013\/02\/images_quienes.png 915w, https:\/\/juanmartindegi.com\/wp-content\/uploads\/2013\/02\/images_quienes-300x72.png 300w, https:\/\/juanmartindegi.com\/wp-content\/uploads\/2013\/02\/images_quienes-768x185.png 768w\" sizes=\"(max-width: 915px) 100vw, 915px\" \/>\t\t\t\t\t\t\t\t\t\t\t\t\t\t\t<\/div>\n\t\t\t\t<\/div>\n\t\t\t\t<div class=\"elementor-element elementor-element-541f2379 elementor-widget elementor-widget-text-editor\" data-id=\"541f2379\" data-element_type=\"widget\" data-e-type=\"widget\" data-widget_type=\"text-editor.default\">\n\t\t\t\t<div class=\"elementor-widget-container\">\n\t\t\t\t\t\t\t\t\t<p>Nous sommes bien reli\u00e9s aux principales art\u00e8res de communication de la ville. Juan Martindegi est bien isol\u00e9 des routes principales pour pouvoir profiter du silence de la nature. Vous serez surpris par la paix et la tranquillit\u00e9 qui r\u00e8gnent dans cet environnement si proche de Saint-S\u00e9bastien et si loin du bruit.<\/p>\t\t\t\t\t\t\t\t<\/div>\n\t\t\t\t<\/div>\n\t\t\t\t\t<\/div>\n\t\t<\/div>\n\t\t\t\t\t<\/div>\n\t\t<\/section>\n\t\t\t\t<\/div>\n\t\t","protected":false},"excerpt":{"rendered":"<p>Bienvenue \u00e0 l&rsquo;Agrotourisme Juan Martindegi: Juan Martindegi est un logement rural et bien plus. jadis, la ferme et son vaste terrain \u00e9taient consacr\u00e9s \u00e0 l\u2019\u00e9levage et \u00e0 l\u2019agriculture; dans ses prairies, des moutons et des vaches ont \u00e9t\u00e9 \u00e9lev\u00e9s et on y cultive aujourd&rsquo;hui de la laitue, des tomates, des poireaux, des poivrons, des bettes, &#8230; <a title=\"Qui Sommes-Nous\" class=\"read-more\" href=\"https:\/\/juanmartindegi.com\/fr\/qui-sommes-noues\/\" aria-label=\"En savoir plus sur Qui Sommes-Nous\">Lire la suite<\/a><\/p>\n","protected":false},"author":2,"featured_media":6,"parent":0,"menu_order":5,"comment_status":"closed","ping_status":"closed","template":"","meta":{"footnotes":""},"class_list":["post-66","page","type-page","status-publish","has-post-thumbnail"],"aioseo_notices":[],"_links":{"self":[{"href":"https:\/\/juanmartindegi.com\/fr\/wp-json\/wp\/v2\/pages\/66","targetHints":{"allow":["GET"]}}],"collection":[{"href":"https:\/\/juanmartindegi.com\/fr\/wp-json\/wp\/v2\/pages"}],"about":[{"href":"https:\/\/juanmartindegi.com\/fr\/wp-json\/wp\/v2\/types\/page"}],"author":[{"embeddable":true,"href":"https:\/\/juanmartindegi.com\/fr\/wp-json\/wp\/v2\/users\/2"}],"replies":[{"embeddable":true,"href":"https:\/\/juanmartindegi.com\/fr\/wp-json\/wp\/v2\/comments?post=66"}],"version-history":[{"count":5,"href":"https:\/\/juanmartindegi.com\/fr\/wp-json\/wp\/v2\/pages\/66\/revisions"}],"predecessor-version":[{"id":534,"href":"https:\/\/juanmartindegi.com\/fr\/wp-json\/wp\/v2\/pages\/66\/revisions\/534"}],"wp:featuredmedia":[{"embeddable":true,"href":"https:\/\/juanmartindegi.com\/fr\/wp-json\/wp\/v2\/media\/6"}],"wp:attachment":[{"href":"https:\/\/juanmartindegi.com\/fr\/wp-json\/wp\/v2\/media?parent=66"}],"curies":[{"name":"wp","href":"https:\/\/api.w.org\/{rel}","templated":true}]}}