{"id":46,"date":"2013-02-18T16:44:41","date_gmt":"2013-02-18T15:44:41","guid":{"rendered":"https:\/\/juanmartindegi.com\/gastronomie\/"},"modified":"2019-04-19T13:16:43","modified_gmt":"2019-04-19T11:16:43","slug":"gastronomie","status":"publish","type":"page","link":"https:\/\/juanmartindegi.com\/fr\/gastronomie\/","title":{"rendered":"Gastronomie"},"content":{"rendered":"\t\t<div data-elementor-type=\"wp-post\" data-elementor-id=\"46\" class=\"elementor elementor-46 elementor-55\" data-elementor-post-type=\"page\">\n\t\t\t\t\t\t<section class=\"elementor-section elementor-top-section elementor-element elementor-element-1ae49593 elementor-section-height-min-height elementor-section-content-middle elementor-section-boxed elementor-section-height-default elementor-section-items-middle\" data-id=\"1ae49593\" data-element_type=\"section\" data-e-type=\"section\" data-settings=\"{&quot;background_background&quot;:&quot;classic&quot;}\">\n\t\t\t\t\t\t\t<div class=\"elementor-background-overlay\"><\/div>\n\t\t\t\t\t\t\t<div class=\"elementor-container elementor-column-gap-default\">\n\t\t\t\t\t<div class=\"elementor-column elementor-col-100 elementor-top-column elementor-element elementor-element-11d2dac\" data-id=\"11d2dac\" data-element_type=\"column\" data-e-type=\"column\">\n\t\t\t<div class=\"elementor-widget-wrap\">\n\t\t\t\t\t\t\t<\/div>\n\t\t<\/div>\n\t\t\t\t\t<\/div>\n\t\t<\/section>\n\t\t\t\t<section class=\"elementor-section elementor-top-section elementor-element elementor-element-40b5f9c4 elementor-section-boxed elementor-section-height-default elementor-section-height-default\" data-id=\"40b5f9c4\" data-element_type=\"section\" data-e-type=\"section\">\n\t\t\t\t\t\t<div class=\"elementor-container elementor-column-gap-default\">\n\t\t\t\t\t<div class=\"elementor-column elementor-col-50 elementor-top-column elementor-element elementor-element-3cc0754a\" data-id=\"3cc0754a\" data-element_type=\"column\" data-e-type=\"column\">\n\t\t\t<div class=\"elementor-widget-wrap elementor-element-populated\">\n\t\t\t\t\t\t<div class=\"elementor-element elementor-element-7779f2e0 elementor-widget elementor-widget-text-editor\" data-id=\"7779f2e0\" data-element_type=\"widget\" data-e-type=\"widget\" data-widget_type=\"text-editor.default\">\n\t\t\t\t<div class=\"elementor-widget-container\">\n\t\t\t\t\t\t\t\t\t<h1>Que manger, o\u00f9 manger&#8230;<\/h1><p>Restaurants \u00e9toil\u00e9s Michelin et autres restaurateurs c\u00e9l\u00e8bres tels que Mugaritz (9 km), Arzak (7 km), Martin Berasategi (20 km), Karlos Argi\u00f1ano (30 km), Akelarre (20 km). .), Labeko etxea (8 km.), Restaurant de fruits de mer Casa Mirones (4 km), restaurant de fruits de mer Casa C\u00e1mara (4 km), restaurant de fruits de mer Ziaboga (4 km.). Nous trouvons dans le centre de Saint-S\u00e9bastien, dans la vieille ville, de nombreux lieux embl\u00e9matiques de la cuisine basque, les fameux pintxos aux anchois de Txepetxa, les croquettes d\u2019Ormazabal, les gambas de Paco Bueno, les pommes de terre omelettes de bar Oliyos, le gilda au restaurant Casa Vall\u00e9s, les moules z\u00e9br\u00e9es du restaurant A Fuego Negro, la morue grill\u00e9e de Zeruko et le Risotto \u00e0 l&rsquo;Idiazabal de Bordaberri<\/p><p>Vous pouvez \u00e9galement profiter des cidreries de Gipuzkoa, avec leurs plats de cidrerie typiques: omelette \u00e0 la morue, morue aux poivrons, t-bone et pour le dessert, la p\u00e2te de coing au fromage Idiaz\u00e1bal et noix, toutes avec du cidre de \u00ab\u00a0Kupela\u00a0\u00bb. Aucun autre type de boisson alcoolis\u00e9e n&rsquo;est servi; dans la vraie cidrerie, il n\u2019ya que du cidre!<\/p>\t\t\t\t\t\t\t\t<\/div>\n\t\t\t\t<\/div>\n\t\t\t\t\t<\/div>\n\t\t<\/div>\n\t\t\t\t<div class=\"elementor-column elementor-col-50 elementor-top-column elementor-element elementor-element-21b409aa\" data-id=\"21b409aa\" data-element_type=\"column\" data-e-type=\"column\">\n\t\t\t<div class=\"elementor-widget-wrap elementor-element-populated\">\n\t\t\t\t\t\t<div class=\"elementor-element elementor-element-74c3133a elementor-widget elementor-widget-image\" data-id=\"74c3133a\" data-element_type=\"widget\" data-e-type=\"widget\" data-widget_type=\"image.default\">\n\t\t\t\t<div class=\"elementor-widget-container\">\n\t\t\t\t\t\t\t\t\t\t\t\t<figure class=\"wp-caption\">\n\t\t\t\t\t\t\t\t\t\t<img fetchpriority=\"high\" decoding=\"async\" width=\"507\" height=\"600\" src=\"https:\/\/juanmartindegi.com\/wp-content\/uploads\/2019\/03\/507px-Juan_Mari_Arzak.jpg\" class=\"attachment-large size-large wp-image-2111\" alt=\"Juan Mari Arzak, Fuente wikimedia commons\" srcset=\"https:\/\/juanmartindegi.com\/wp-content\/uploads\/2019\/03\/507px-Juan_Mari_Arzak.jpg 507w, https:\/\/juanmartindegi.com\/wp-content\/uploads\/2019\/03\/507px-Juan_Mari_Arzak-254x300.jpg 254w\" sizes=\"(max-width: 507px) 100vw, 507px\" \/>\t\t\t\t\t\t\t\t\t\t\t<figcaption class=\"widget-image-caption wp-caption-text\">Fuente: https:\/\/commons.wikimedia.org\/wiki\/File:Juan_Mari_Arzak.jpg<\/figcaption>\n\t\t\t\t\t\t\t\t\t\t<\/figure>\n\t\t\t\t\t\t\t\t\t<\/div>\n\t\t\t\t<\/div>\n\t\t\t\t\t<\/div>\n\t\t<\/div>\n\t\t\t\t\t<\/div>\n\t\t<\/section>\n\t\t\t\t<\/div>\n\t\t","protected":false},"excerpt":{"rendered":"<p>Que manger, o\u00f9 manger&#8230; Restaurants \u00e9toil\u00e9s Michelin et autres restaurateurs c\u00e9l\u00e8bres tels que Mugaritz (9 km), Arzak (7 km), Martin Berasategi (20 km), Karlos Argi\u00f1ano (30 km), Akelarre (20 km). .), Labeko etxea (8 km.), Restaurant de fruits de mer Casa Mirones (4 km), restaurant de fruits de mer Casa C\u00e1mara (4 km), restaurant de &#8230; <a title=\"Gastronomie\" class=\"read-more\" href=\"https:\/\/juanmartindegi.com\/fr\/gastronomie\/\" aria-label=\"En savoir plus sur Gastronomie\">Lire la suite<\/a><\/p>\n","protected":false},"author":2,"featured_media":45,"parent":0,"menu_order":24,"comment_status":"closed","ping_status":"closed","template":"","meta":{"footnotes":""},"class_list":["post-46","page","type-page","status-publish","has-post-thumbnail"],"aioseo_notices":[],"_links":{"self":[{"href":"https:\/\/juanmartindegi.com\/fr\/wp-json\/wp\/v2\/pages\/46","targetHints":{"allow":["GET"]}}],"collection":[{"href":"https:\/\/juanmartindegi.com\/fr\/wp-json\/wp\/v2\/pages"}],"about":[{"href":"https:\/\/juanmartindegi.com\/fr\/wp-json\/wp\/v2\/types\/page"}],"author":[{"embeddable":true,"href":"https:\/\/juanmartindegi.com\/fr\/wp-json\/wp\/v2\/users\/2"}],"replies":[{"embeddable":true,"href":"https:\/\/juanmartindegi.com\/fr\/wp-json\/wp\/v2\/comments?post=46"}],"version-history":[{"count":2,"href":"https:\/\/juanmartindegi.com\/fr\/wp-json\/wp\/v2\/pages\/46\/revisions"}],"predecessor-version":[{"id":541,"href":"https:\/\/juanmartindegi.com\/fr\/wp-json\/wp\/v2\/pages\/46\/revisions\/541"}],"wp:featuredmedia":[{"embeddable":true,"href":"https:\/\/juanmartindegi.com\/fr\/wp-json\/wp\/v2\/media\/45"}],"wp:attachment":[{"href":"https:\/\/juanmartindegi.com\/fr\/wp-json\/wp\/v2\/media?parent=46"}],"curies":[{"name":"wp","href":"https:\/\/api.w.org\/{rel}","templated":true}]}}