{"id":2689,"date":"2025-07-03T10:36:02","date_gmt":"2025-07-03T08:36:02","guid":{"rendered":"https:\/\/juanmartindegi.com\/declaration-daccessibilite\/"},"modified":"2025-08-06T13:14:52","modified_gmt":"2025-08-06T11:14:52","slug":"declaration-daccessibilite","status":"publish","type":"page","link":"https:\/\/juanmartindegi.com\/fr\/declaration-daccessibilite\/","title":{"rendered":"D\u00e9claration d&rsquo;accessibilit\u00e9"},"content":{"rendered":"\t\t<div data-elementor-type=\"wp-page\" data-elementor-id=\"2689\" class=\"elementor elementor-2689 elementor-2655\" data-elementor-post-type=\"page\">\n\t\t\t\t<div class=\"elementor-element elementor-element-71d429a5 e-flex e-con-boxed e-con e-parent\" data-id=\"71d429a5\" data-element_type=\"container\" data-e-type=\"container\">\n\t\t\t\t\t<div class=\"e-con-inner\">\n\t\t\t\t<div class=\"elementor-element elementor-element-5d8894a8 elementor-widget elementor-widget-text-editor\" data-id=\"5d8894a8\" data-element_type=\"widget\" data-e-type=\"widget\" data-widget_type=\"text-editor.default\">\n\t\t\t\t<div class=\"elementor-widget-container\">\n\t\t\t\t\t\t\t\t\t<section id=\"accesibilidad\" style=\"max-width: 800px; margin: auto; font-family: sans-serif; line-height: 1.6;\">\n  <h2>D\u00e9claration d&rsquo;accessibilit\u00e9<\/h2>\n  <p><strong>Juan Martindegi<\/strong> s&rsquo;engage \u00e0 garantir l&rsquo;accessibilit\u00e9 num\u00e9rique aux personnes handicap\u00e9es. Nous am\u00e9liorons en permanence l&rsquo;exp\u00e9rience utilisateur pour tous et appliquons les normes d&rsquo;accessibilit\u00e9 correspondantes. <\/p>\n  \n  <h3>\u00c9tat de conformit\u00e9<\/h3>\n  <p>Les <em>lignes directrices pour l&rsquo;accessibilit\u00e9 des contenus web (WCAG)<\/em> d\u00e9finissent des exigences pour les concepteurs et les d\u00e9veloppeurs afin d&rsquo;am\u00e9liorer l&rsquo;accessibilit\u00e9 pour les personnes handicap\u00e9es. Elles \u00e9tablissent trois niveaux de conformit\u00e9 : niveau A, niveau AA et niveau AAA. <\/p>\n  \n  <p><strong>Juan Martindegi<\/strong> fait des efforts constants pour am\u00e9liorer l&rsquo;accessibilit\u00e9 de son site web et de ses services, convaincu qu&rsquo;il s&rsquo;agit d&rsquo;une obligation morale collective de permettre une utilisation sans barri\u00e8re, accessible et fluide pour toutes les personnes.<\/p>\n  \n  <p>Nous nous effor\u00e7ons de rendre accessibles toutes les pages et tous les contenus du site <a href=\"https:\/\/juanmartindegi.com\/fr\/\">https:\/\/juanmartindegi.com<\/a>. Toutefois, il se peut que certains contenus ne soient pas encore totalement conformes aux normes d&rsquo;accessibilit\u00e9 les plus strictes, en raison des difficult\u00e9s rencontr\u00e9es pour identifier la solution technologique la plus appropri\u00e9e. <\/p>\n  \n  <p>Nous pouvons mettre \u00e0 jour cette d\u00e9claration p\u00e9riodiquement pour refl\u00e9ter les am\u00e9liorations ou les changements apport\u00e9s \u00e0 nos pratiques en mati\u00e8re d&rsquo;accessibilit\u00e9.<\/p>\n\n  <h3>Suggestions<\/h3>\n  <p>Vos commentaires sur l&rsquo;accessibilit\u00e9 du site web de <strong>Juan Martindegi<\/strong> sont les bienvenus. N&rsquo;h\u00e9sitez pas \u00e0 nous faire savoir si vous rencontrez des obstacles \u00e0 l&rsquo;accessibilit\u00e9 sur notre site. <\/p>\n  <p><strong>E-mail :<\/strong> <a href=\"mailto:agroturismolezo@gmail.com\">agroturismolezo@gmail.com<\/a><\/p>\n  <p>Nous nous effor\u00e7ons de r\u00e9pondre aux commentaires dans un d\u00e9lai de 3 \u00e0 5 jours ouvrables.<\/p>\n\n  <p><em>Cette d\u00e9claration a \u00e9t\u00e9 cr\u00e9\u00e9e le 7 mars 2025.<\/em><\/p>\n<\/section>\t\t\t\t\t\t\t\t<\/div>\n\t\t\t\t<\/div>\n\t\t\t\t\t<\/div>\n\t\t\t\t<\/div>\n\t\t\t\t<\/div>\n\t\t","protected":false},"excerpt":{"rendered":"<p>D\u00e9claration d&rsquo;accessibilit\u00e9 Juan Martindegi s&rsquo;engage \u00e0 garantir l&rsquo;accessibilit\u00e9 num\u00e9rique aux personnes handicap\u00e9es. Nous am\u00e9liorons en permanence l&rsquo;exp\u00e9rience utilisateur pour tous et appliquons les normes d&rsquo;accessibilit\u00e9 correspondantes. \u00c9tat de conformit\u00e9 Les lignes directrices pour l&rsquo;accessibilit\u00e9 des contenus web (WCAG) d\u00e9finissent des exigences pour les concepteurs et les d\u00e9veloppeurs afin d&rsquo;am\u00e9liorer l&rsquo;accessibilit\u00e9 pour les personnes handicap\u00e9es. Elles &#8230; <a title=\"D\u00e9claration d&rsquo;accessibilit\u00e9\" class=\"read-more\" href=\"https:\/\/juanmartindegi.com\/fr\/declaration-daccessibilite\/\" aria-label=\"En savoir plus sur D\u00e9claration d&rsquo;accessibilit\u00e9\">Lire la suite<\/a><\/p>\n","protected":false},"author":2,"featured_media":0,"parent":0,"menu_order":0,"comment_status":"closed","ping_status":"closed","template":"","meta":{"footnotes":""},"class_list":["post-2689","page","type-page","status-publish"],"aioseo_notices":[],"_links":{"self":[{"href":"https:\/\/juanmartindegi.com\/fr\/wp-json\/wp\/v2\/pages\/2689","targetHints":{"allow":["GET"]}}],"collection":[{"href":"https:\/\/juanmartindegi.com\/fr\/wp-json\/wp\/v2\/pages"}],"about":[{"href":"https:\/\/juanmartindegi.com\/fr\/wp-json\/wp\/v2\/types\/page"}],"author":[{"embeddable":true,"href":"https:\/\/juanmartindegi.com\/fr\/wp-json\/wp\/v2\/users\/2"}],"replies":[{"embeddable":true,"href":"https:\/\/juanmartindegi.com\/fr\/wp-json\/wp\/v2\/comments?post=2689"}],"version-history":[{"count":1,"href":"https:\/\/juanmartindegi.com\/fr\/wp-json\/wp\/v2\/pages\/2689\/revisions"}],"predecessor-version":[{"id":2690,"href":"https:\/\/juanmartindegi.com\/fr\/wp-json\/wp\/v2\/pages\/2689\/revisions\/2690"}],"wp:attachment":[{"href":"https:\/\/juanmartindegi.com\/fr\/wp-json\/wp\/v2\/media?parent=2689"}],"curies":[{"name":"wp","href":"https:\/\/api.w.org\/{rel}","templated":true}]}}