{"id":62,"date":"2013-02-18T16:44:41","date_gmt":"2013-02-18T15:44:41","guid":{"rendered":"https:\/\/juanmartindegi.com\/places-of-interest\/"},"modified":"2019-04-21T13:57:08","modified_gmt":"2019-04-21T11:57:08","slug":"places-of-interest","status":"publish","type":"page","link":"https:\/\/juanmartindegi.com\/en\/places-of-interest\/","title":{"rendered":"Places of Interest"},"content":{"rendered":"\t\t<div data-elementor-type=\"wp-post\" data-elementor-id=\"62\" class=\"elementor elementor-62 elementor-44\" data-elementor-post-type=\"page\">\n\t\t\t\t\t\t<section class=\"elementor-section elementor-top-section elementor-element elementor-element-44aacdb elementor-section-height-min-height elementor-section-boxed elementor-section-height-default elementor-section-items-middle\" data-id=\"44aacdb\" data-element_type=\"section\" data-e-type=\"section\" data-settings=\"{&quot;background_background&quot;:&quot;classic&quot;}\">\n\t\t\t\t\t\t\t<div class=\"elementor-background-overlay\"><\/div>\n\t\t\t\t\t\t\t<div class=\"elementor-container elementor-column-gap-default\">\n\t\t\t\t\t<div class=\"elementor-column elementor-col-100 elementor-top-column elementor-element elementor-element-27f9d6d9\" data-id=\"27f9d6d9\" data-element_type=\"column\" data-e-type=\"column\">\n\t\t\t<div class=\"elementor-widget-wrap elementor-element-populated\">\n\t\t\t\t\t\t<div class=\"elementor-element elementor-element-6694e5b8 elementor-widget elementor-widget-heading\" data-id=\"6694e5b8\" data-element_type=\"widget\" data-e-type=\"widget\" data-widget_type=\"heading.default\">\n\t\t\t\t<div class=\"elementor-widget-container\">\n\t\t\t\t\t<h2 class=\"elementor-heading-title elementor-size-default\">Places of interest<\/h2>\t\t\t\t<\/div>\n\t\t\t\t<\/div>\n\t\t\t\t\t<\/div>\n\t\t<\/div>\n\t\t\t\t\t<\/div>\n\t\t<\/section>\n\t\t\t\t<section class=\"elementor-section elementor-top-section elementor-element elementor-element-11ef40df elementor-section-boxed elementor-section-height-default elementor-section-height-default\" data-id=\"11ef40df\" data-element_type=\"section\" data-e-type=\"section\">\n\t\t\t\t\t\t<div class=\"elementor-container elementor-column-gap-default\">\n\t\t\t\t\t<div class=\"elementor-column elementor-col-33 elementor-top-column elementor-element elementor-element-5ca5cfde\" data-id=\"5ca5cfde\" data-element_type=\"column\" data-e-type=\"column\">\n\t\t\t<div class=\"elementor-widget-wrap elementor-element-populated\">\n\t\t\t\t\t\t<div class=\"elementor-element elementor-element-76fd19c2 elementor-position-top elementor-widget elementor-widget-image-box\" data-id=\"76fd19c2\" data-element_type=\"widget\" data-e-type=\"widget\" data-widget_type=\"image-box.default\">\n\t\t\t\t<div class=\"elementor-widget-container\">\n\t\t\t\t\t<div class=\"elementor-image-box-wrapper\"><figure class=\"elementor-image-box-img\"><picture class=\"wp-picture-41\" style=\"display: contents;\"><source type=\"image\/webp\" srcset=\"https:\/\/juanmartindegi.com\/wp-content\/uploads\/2013\/02\/images_arditurri-png.webp 275w, https:\/\/juanmartindegi.com\/wp-content\/uploads\/2013\/02\/images_arditurri-150x150-png.webp 150w\" sizes=\"(max-width: 275px) 100vw, 275px\"><img fetchpriority=\"high\" decoding=\"async\" width=\"275\" height=\"274\" src=\"https:\/\/juanmartindegi.com\/wp-content\/uploads\/2013\/02\/images_arditurri.png\" class=\"attachment-full size-full wp-image-41\" alt=\"\" srcset=\"https:\/\/juanmartindegi.com\/wp-content\/uploads\/2013\/02\/images_arditurri.png 275w, https:\/\/juanmartindegi.com\/wp-content\/uploads\/2013\/02\/images_arditurri-150x150.png 150w\" sizes=\"(max-width: 275px) 100vw, 275px\" \/><\/picture><\/figure><div class=\"elementor-image-box-content\"><h3 class=\"elementor-image-box-title\">Nature<\/h3><p class=\"elementor-image-box-description\">Aiako Harria Natural Park (16 km from the rural accommodation) any small route is excellent to disconnect and enter the forest; Natural Park of San Sebasti\u00e1n (a part of the natural park of Artikutza about 16 kms from the agrotourism, there are beautiful views of the entire coast before entering the forest of beech and gigantic oaks); Pagoeta Natural Park (38 km.), Aralar Natural Park (65 km); Minas Arditurri, of galena, silver, lead and iron (in Pe\u00f1as de Aia, 14 kms), Embalse de A\u00f1arbe (38km, from the agrotourism).  <a href=\"https:\/\/es.wikiloc.com\/rutas-a-pie\/vuelta-pantano-de-anarbe-5821903\"><u>Circular route of 8 km<\/u><\/a> is worthwhile<\/p><\/div><\/div>\t\t\t\t<\/div>\n\t\t\t\t<\/div>\n\t\t\t\t\t<\/div>\n\t\t<\/div>\n\t\t\t\t<div class=\"elementor-column elementor-col-33 elementor-top-column elementor-element elementor-element-370287ec\" data-id=\"370287ec\" data-element_type=\"column\" data-e-type=\"column\">\n\t\t\t<div class=\"elementor-widget-wrap elementor-element-populated\">\n\t\t\t\t\t\t<div class=\"elementor-element elementor-element-4cf32156 elementor-position-top elementor-widget elementor-widget-image-box\" data-id=\"4cf32156\" data-element_type=\"widget\" data-e-type=\"widget\" data-widget_type=\"image-box.default\">\n\t\t\t\t<div class=\"elementor-widget-container\">\n\t\t\t\t\t<div class=\"elementor-image-box-wrapper\"><figure class=\"elementor-image-box-img\"><picture class=\"wp-picture-42\" style=\"display: contents;\"><source type=\"image\/webp\" srcset=\"https:\/\/juanmartindegi.com\/wp-content\/uploads\/2013\/02\/images_kursaal-png.webp 275w, https:\/\/juanmartindegi.com\/wp-content\/uploads\/2013\/02\/images_kursaal-150x150-png.webp 150w\" sizes=\"(max-width: 275px) 100vw, 275px\"><img decoding=\"async\" width=\"275\" height=\"274\" src=\"https:\/\/juanmartindegi.com\/wp-content\/uploads\/2013\/02\/images_kursaal.png\" class=\"attachment-full size-full wp-image-42\" alt=\"\" srcset=\"https:\/\/juanmartindegi.com\/wp-content\/uploads\/2013\/02\/images_kursaal.png 275w, https:\/\/juanmartindegi.com\/wp-content\/uploads\/2013\/02\/images_kursaal-150x150.png 150w\" sizes=\"(max-width: 275px) 100vw, 275px\" \/><\/picture><\/figure><div class=\"elementor-image-box-content\"><h3 class=\"elementor-image-box-title\">Visiting the city<\/h3><p class=\"elementor-image-box-description\">As far as tourism is concerned, San Sebastian has significantly improved its quality in recent years, apart from the great gastronomic offer and culture, it is worth walking the city and visiting the Peine de los Vientos, the coastal promenade through Kursaal. Make a stop for the Palacio de Congresos, then contemplate the views of Santa Klara from the Miramar Palace meadow, and stroll along the Playa de la Concha ...<\/p><\/div><\/div>\t\t\t\t<\/div>\n\t\t\t\t<\/div>\n\t\t\t\t\t<\/div>\n\t\t<\/div>\n\t\t\t\t<div class=\"elementor-column elementor-col-33 elementor-top-column elementor-element elementor-element-771331de\" data-id=\"771331de\" data-element_type=\"column\" data-e-type=\"column\">\n\t\t\t<div class=\"elementor-widget-wrap elementor-element-populated\">\n\t\t\t\t\t\t<div class=\"elementor-element elementor-element-43b675b0 elementor-position-top elementor-widget elementor-widget-image-box\" data-id=\"43b675b0\" data-element_type=\"widget\" data-e-type=\"widget\" data-widget_type=\"image-box.default\">\n\t\t\t\t<div class=\"elementor-widget-container\">\n\t\t\t\t\t<div class=\"elementor-image-box-wrapper\"><figure class=\"elementor-image-box-img\"><picture class=\"wp-picture-43\" style=\"display: contents;\"><source type=\"image\/webp\" srcset=\"https:\/\/juanmartindegi.com\/wp-content\/uploads\/2013\/02\/images_gugen-png.webp 275w, https:\/\/juanmartindegi.com\/wp-content\/uploads\/2013\/02\/images_gugen-150x150-png.webp 150w\" sizes=\"(max-width: 275px) 100vw, 275px\"><img decoding=\"async\" width=\"275\" height=\"274\" src=\"https:\/\/juanmartindegi.com\/wp-content\/uploads\/2013\/02\/images_gugen.png\" class=\"attachment-full size-full wp-image-43\" alt=\"\" srcset=\"https:\/\/juanmartindegi.com\/wp-content\/uploads\/2013\/02\/images_gugen.png 275w, https:\/\/juanmartindegi.com\/wp-content\/uploads\/2013\/02\/images_gugen-150x150.png 150w\" sizes=\"(max-width: 275px) 100vw, 275px\" \/><\/picture><\/figure><div class=\"elementor-image-box-content\"><h3 class=\"elementor-image-box-title\">Discover other places<\/h3><p class=\"elementor-image-box-description\">At an hour from the rural accommodation, it is possible to visit Bilbao, a formerly industrial city and completely different from what it was a few years ago and also visit what makes this city different since then, the famous Guggenheim museum.\nIn Hernani, It is possible to visit the famous Txillida Museoa.\nHondarribia, Irun, Oiartzun, Errenteria, Pasajes San Juan, villages with rural charm and fishermen, its old streets show a lot of history about the hard life of yesteryear<\/p><\/div><\/div>\t\t\t\t<\/div>\n\t\t\t\t<\/div>\n\t\t\t\t\t<\/div>\n\t\t<\/div>\n\t\t\t\t\t<\/div>\n\t\t<\/section>\n\t\t\t\t<section class=\"elementor-section elementor-top-section elementor-element elementor-element-27cc0b51 elementor-section-boxed elementor-section-height-default elementor-section-height-default\" data-id=\"27cc0b51\" data-element_type=\"section\" data-e-type=\"section\">\n\t\t\t\t\t\t<div class=\"elementor-container elementor-column-gap-default\">\n\t\t\t\t\t<div class=\"elementor-column elementor-col-100 elementor-top-column elementor-element elementor-element-6a8410da\" data-id=\"6a8410da\" data-element_type=\"column\" data-e-type=\"column\">\n\t\t\t<div class=\"elementor-widget-wrap elementor-element-populated\">\n\t\t\t\t\t\t<div class=\"elementor-element elementor-element-1a9f59f2 elementor-position-top elementor-widget elementor-widget-image-box\" data-id=\"1a9f59f2\" data-element_type=\"widget\" data-e-type=\"widget\" data-widget_type=\"image-box.default\">\n\t\t\t\t<div class=\"elementor-widget-container\">\n\t\t\t\t\t<div class=\"elementor-image-box-wrapper\"><figure class=\"elementor-image-box-img\"><picture class=\"wp-picture-47\" style=\"display: contents;\"><source type=\"image\/webp\" srcset=\"https:\/\/juanmartindegi.com\/wp-content\/uploads\/2013\/02\/images_sanfermines-png.webp 303w, https:\/\/juanmartindegi.com\/wp-content\/uploads\/2013\/02\/images_sanfermines-300x300-png.webp 300w, https:\/\/juanmartindegi.com\/wp-content\/uploads\/2013\/02\/images_sanfermines-150x150-png.webp 150w\" sizes=\"(max-width: 303px) 100vw, 303px\"><img loading=\"lazy\" decoding=\"async\" width=\"303\" height=\"302\" src=\"https:\/\/juanmartindegi.com\/wp-content\/uploads\/2013\/02\/images_sanfermines.png\" class=\"attachment-full size-full wp-image-47\" alt=\"\" srcset=\"https:\/\/juanmartindegi.com\/wp-content\/uploads\/2013\/02\/images_sanfermines.png 303w, https:\/\/juanmartindegi.com\/wp-content\/uploads\/2013\/02\/images_sanfermines-300x300.png 300w, https:\/\/juanmartindegi.com\/wp-content\/uploads\/2013\/02\/images_sanfermines-150x150.png 150w\" sizes=\"(max-width: 303px) 100vw, 303px\" \/><\/picture><\/figure><div class=\"elementor-image-box-content\"><h3 class=\"elementor-image-box-title\">Fiestas mayores<\/h3><p class=\"elementor-image-box-description\">Como es habitual en todo el territorio, tenemos tambi\u00e9n algunas fechas clave en las que poder visitar las distintas ciudades y poblaciones que rodean el alojamiento tur\u00edstico Juan Martindegi, a\u00f1adiendo adem\u00e1s esa nota festiva inigualable de la idiosincrasia de esta regi\u00f3n.\nEl Festival de cine de San Sebasti\u00e1n (a mediados de Septiembre, gran cita internacional de cine y famosos, durante una semana, previa a la llegada del oto\u00f1o).\nFestival de Jazz (Julio, hay varios escenarios, dos de ellos en la playa de la Zurriola y en el Kursaal).\nAste Nagusia Donostia (Semana Grande de San Sebasti\u00e1n, a partir de la segunda semana de Agosto).\nTamborrada, fiesta del patr\u00f3n de la ciudad ( se celebra el 20 de Enero, celebrando la entrada de los soldados franceses en la ciudad en el siglo XIX).\nSan Fermines ( primera semana de Julio hasta el 7 de Julio).\nFestival de Blues (En Julio)\nSanto Tom\u00e1s (21 Diciembre, donde se celebra un mercado rural de un solo d\u00eda de duraci\u00f3n, donde los protagonistas indiscutibles son la Txistorra y la Sidra).<\/p><\/div><\/div>\t\t\t\t<\/div>\n\t\t\t\t<\/div>\n\t\t\t\t\t<\/div>\n\t\t<\/div>\n\t\t\t\t\t<\/div>\n\t\t<\/section>\n\t\t\t\t<\/div>\n\t\t","protected":false},"excerpt":{"rendered":"<p>Places of interest Nature Aiako Harria Natural Park (16 km from the rural accommodation) any small route is excellent to disconnect and enter the forest; Natural Park of San Sebasti\u00e1n (a part of the natural park of Artikutza about 16 kms from the agrotourism, there are beautiful views of the entire coast before entering the &#8230; <a title=\"Places of Interest\" class=\"read-more\" href=\"https:\/\/juanmartindegi.com\/en\/places-of-interest\/\" aria-label=\"Read more about Places of Interest\">Read more<\/a><\/p>\n","protected":false},"author":2,"featured_media":41,"parent":0,"menu_order":9,"comment_status":"closed","ping_status":"closed","template":"","meta":{"footnotes":""},"class_list":["post-62","page","type-page","status-publish","has-post-thumbnail"],"aioseo_notices":[],"_links":{"self":[{"href":"https:\/\/juanmartindegi.com\/en\/wp-json\/wp\/v2\/pages\/62","targetHints":{"allow":["GET"]}}],"collection":[{"href":"https:\/\/juanmartindegi.com\/en\/wp-json\/wp\/v2\/pages"}],"about":[{"href":"https:\/\/juanmartindegi.com\/en\/wp-json\/wp\/v2\/types\/page"}],"author":[{"embeddable":true,"href":"https:\/\/juanmartindegi.com\/en\/wp-json\/wp\/v2\/users\/2"}],"replies":[{"embeddable":true,"href":"https:\/\/juanmartindegi.com\/en\/wp-json\/wp\/v2\/comments?post=62"}],"version-history":[{"count":4,"href":"https:\/\/juanmartindegi.com\/en\/wp-json\/wp\/v2\/pages\/62\/revisions"}],"predecessor-version":[{"id":601,"href":"https:\/\/juanmartindegi.com\/en\/wp-json\/wp\/v2\/pages\/62\/revisions\/601"}],"wp:featuredmedia":[{"embeddable":true,"href":"https:\/\/juanmartindegi.com\/en\/wp-json\/wp\/v2\/media\/41"}],"wp:attachment":[{"href":"https:\/\/juanmartindegi.com\/en\/wp-json\/wp\/v2\/media?parent=62"}],"curies":[{"name":"wp","href":"https:\/\/api.w.org\/{rel}","templated":true}]}}